{"id":23,"date":"2023-12-05T08:18:14","date_gmt":"2023-12-05T08:18:14","guid":{"rendered":"https:\/\/geschenkoration.de\/?page_id=23"},"modified":"2023-12-26T13:50:03","modified_gmt":"2023-12-26T13:50:03","slug":"impressum","status":"publish","type":"page","link":"https:\/\/geschenkoration.de\/?page_id=23","title":{"rendered":"Impressum"},"content":{"rendered":"\t\t<div data-elementor-type=\"wp-page\" data-elementor-id=\"23\" class=\"elementor elementor-23\">\n\t\t\t\t<div class=\"elementor-element elementor-element-65ecd03 e-flex e-con-boxed e-con e-parent\" data-id=\"65ecd03\" data-element_type=\"container\" data-e-type=\"container\">\n\t\t\t\t\t<div class=\"e-con-inner\">\n\t\t\t\t<div class=\"elementor-element elementor-element-c8decac elementor-widget elementor-widget-text-editor\" data-id=\"c8decac\" data-element_type=\"widget\" data-e-type=\"widget\" data-widget_type=\"text-editor.default\">\n\t\t\t\t<div class=\"elementor-widget-container\">\n\t\t\t\t\t\t\t\t\t<p><strong>Kontakt<\/strong><\/p><p>Katja Schwenkert<br \/>Geschenkoration<br \/>Torweg 3<br \/>97234 Fuchsstadt<br \/>katja@geschenkoration.de<br \/>+49 9333 904 983 1<\/p><p><strong>Angaben Gem\u00e4\u00df \u00a7 5 TMG<\/strong><\/p><p>Verantwortlich f\u00fcr den Inhalt:<br \/>Katja Schwenkert<\/p><p><strong>Online-Streitbeilegung:<\/strong><\/p><p>Die Europ\u00e4ische Kommission stellt unter https:\/\/ec.europa.eu\/consumers\/odr\/ eine Plattform zur Online-Streitbeilegung bereit, die Verbraucher f\u00fcr die Beilegung einer Streitigkeit nutzen k\u00f6nnen und auf der weitere Informationen zum Thema Streitschlichtung zu finden sind.<\/p><p><strong>Au\u00dfergerichtliche Streitbeilegung:<\/strong><\/p><p>Wir sind weder verpflichtet noch dazu bereit, im Falle einer Streitigkeit mit einem Verbraucher an einem Streitbeilegungsverfahren vor einer Verbraucherschlichtungsstelle teilzunehmen.<\/p>\t\t\t\t\t\t\t\t<\/div>\n\t\t\t\t<\/div>\n\t\t\t\t\t<\/div>\n\t\t\t\t<\/div>\n\t\t\t\t<\/div>\n\t\t","protected":false},"excerpt":{"rendered":"<p>Kontakt Katja SchwenkertGeschenkorationTorweg 397234 Fuchsstadtkatja@geschenkoration.de+49 9333 904 983 1 Angaben Gem\u00e4\u00df \u00a7 5 TMG Verantwortlich f\u00fcr den Inhalt:Katja Schwenkert Online-Streitbeilegung: Die Europ\u00e4ische Kommission stellt unter https:\/\/ec.europa.eu\/consumers\/odr\/ eine Plattform zur Online-Streitbeilegung bereit, die Verbraucher f\u00fcr die Beilegung einer Streitigkeit nutzen k\u00f6nnen und auf der weitere Informationen zum Thema Streitschlichtung zu finden sind. Au\u00dfergerichtliche Streitbeilegung: Wir sind [&hellip;]<\/p>\n","protected":false},"author":1,"featured_media":0,"parent":0,"menu_order":0,"comment_status":"closed","ping_status":"closed","template":"","meta":{"footnotes":""},"class_list":["post-23","page","type-page","status-publish","hentry","entry","owp-thumbs-layout-horizontal","owp-btn-normal","owp-tabs-layout-horizontal","has-no-thumbnails","has-product-nav"],"_links":{"self":[{"href":"https:\/\/geschenkoration.de\/index.php?rest_route=\/wp\/v2\/pages\/23","targetHints":{"allow":["GET"]}}],"collection":[{"href":"https:\/\/geschenkoration.de\/index.php?rest_route=\/wp\/v2\/pages"}],"about":[{"href":"https:\/\/geschenkoration.de\/index.php?rest_route=\/wp\/v2\/types\/page"}],"author":[{"embeddable":true,"href":"https:\/\/geschenkoration.de\/index.php?rest_route=\/wp\/v2\/users\/1"}],"replies":[{"embeddable":true,"href":"https:\/\/geschenkoration.de\/index.php?rest_route=%2Fwp%2Fv2%2Fcomments&post=23"}],"version-history":[{"count":4,"href":"https:\/\/geschenkoration.de\/index.php?rest_route=\/wp\/v2\/pages\/23\/revisions"}],"predecessor-version":[{"id":55,"href":"https:\/\/geschenkoration.de\/index.php?rest_route=\/wp\/v2\/pages\/23\/revisions\/55"}],"wp:attachment":[{"href":"https:\/\/geschenkoration.de\/index.php?rest_route=%2Fwp%2Fv2%2Fmedia&parent=23"}],"curies":[{"name":"wp","href":"https:\/\/api.w.org\/{rel}","templated":true}]}}